{"id":4400,"date":"2021-10-12T15:51:09","date_gmt":"2021-10-12T15:51:09","guid":{"rendered":"http:\/\/dummy.xtemos.com\/woodmart2\/elementor\/?page_id=4400"},"modified":"2025-05-29T07:33:59","modified_gmt":"2025-05-29T07:33:59","slug":"about-us-3","status":"publish","type":"page","link":"https:\/\/msmotogaz.com.tr\/?page_id=4400","title":{"rendered":"Hakk\u0131m\u0131zda"},"content":{"rendered":"\t\t<div data-elementor-type=\"wp-page\" data-elementor-id=\"4400\" class=\"elementor elementor-4400\">\n\t\t\t\t<div class=\"wd-negative-gap elementor-element elementor-element-7c7c544 e-flex e-con-boxed e-con e-parent\" data-id=\"7c7c544\" data-element_type=\"container\">\n\t\t\t\t\t<div class=\"e-con-inner\">\n\t\t<div class=\"elementor-element elementor-element-e7cb5cd e-con-full e-flex e-con e-child\" data-id=\"e7cb5cd\" data-element_type=\"container\">\n\t\t\t\t<div class=\"elementor-element elementor-element-56aec39 elementor-widget elementor-widget-wd_image_or_svg\" data-id=\"56aec39\" data-element_type=\"widget\" data-widget_type=\"wd_image_or_svg.default\">\n\t\t\t\t<div class=\"elementor-widget-container\">\n\t\t\t\t\t\n\t\t<div class=\"wd-image text-left\">\n\t\t\t\t\t\t\t\t<img fetchpriority=\"high\" decoding=\"async\" width=\"580\" height=\"580\" src=\"https:\/\/msmotogaz.com.tr\/wp-content\/uploads\/2025\/05\/Adsiz-tasarim-22.png\" class=\"attachment-full size-full\" alt=\"\" srcset=\"https:\/\/msmotogaz.com.tr\/wp-content\/uploads\/2025\/05\/Adsiz-tasarim-22.png 580w, https:\/\/msmotogaz.com.tr\/wp-content\/uploads\/2025\/05\/Adsiz-tasarim-22-300x300.png 300w, https:\/\/msmotogaz.com.tr\/wp-content\/uploads\/2025\/05\/Adsiz-tasarim-22-150x150.png 150w, https:\/\/msmotogaz.com.tr\/wp-content\/uploads\/2025\/05\/Adsiz-tasarim-22-430x430.png 430w\" sizes=\"(max-width: 580px) 100vw, 580px\" \/>\t\t\t\t\t<\/div>\n\n\t\t\t\t\t\t<\/div>\n\t\t\t\t<\/div>\n\t\t\t\t<\/div>\n\t\t<div class=\"elementor-element elementor-element-97d6084 e-con-full e-flex e-con e-child\" data-id=\"97d6084\" data-element_type=\"container\">\n\t\t\t\t<div class=\"elementor-element elementor-element-98d830b elementor-widget__width-initial wd-width-100 elementor-widget elementor-widget-wd_title\" data-id=\"98d830b\" data-element_type=\"widget\" data-widget_type=\"wd_title.default\">\n\t\t\t\t<div class=\"elementor-widget-container\">\n\t\t\t\t\t\t\t\t<link rel=\"stylesheet\" id=\"wd-section-title-css\" href=\"https:\/\/msmotogaz.com.tr\/wp-content\/themes\/woodmart\/css\/parts\/el-section-title.min.css?ver=7.6.0\" type=\"text\/css\" media=\"all\" \/> \t\t\t\t\t<div class=\"title-wrapper set-mb-s reset-last-child wd-title-color-primary wd-title-style-default wd-title-size-large text-left\">\n\n\t\t\t\n\t\t\t<div class=\"liner-continer\">\n\t\t\t\t<h4 class=\"woodmart-title-container title wd-fontsize-xxl\">Hakk\u0131m\u0131zda<\/h4> \n\t\t\t\t\t\t\t<\/div>\n\n\t\t\t\t\t<\/div>\n\t\t\t\t\t\t<\/div>\n\t\t\t\t<\/div>\n\t\t\t\t<div class=\"elementor-element elementor-element-66e47ad elementor-widget elementor-widget-wd_text_block\" data-id=\"66e47ad\" data-element_type=\"widget\" data-widget_type=\"wd_text_block.default\">\n\t\t\t\t<div class=\"elementor-widget-container\">\n\t\t\t\t\t\t\t\t<link rel=\"stylesheet\" id=\"wd-text-block-css\" href=\"https:\/\/msmotogaz.com.tr\/wp-content\/themes\/woodmart\/css\/parts\/el-text-block.min.css?ver=7.6.0\" type=\"text\/css\" media=\"all\" \/> \t\t\t\t\t<div class=\"wd-text-block reset-last-child text-left\">\n\t\t\t\n\t\t\t<div>MSM Otogaz sekt\u00f6rdeki 10 y\u0131ll\u0131k tecr\u00fcbesi ile otogaz sekt\u00f6r\u00fcnde geli\u015fen teknolojiyi yak\u0131ndan takip ederek oto lpg anlam\u0131nda siz de\u011ferli m\u00fc\u015fterilerimize yerinde hizmek vermektedir.<\/div><div>Benzin ve dizel yak\u0131tlar\u0131n g\u00fcn\u00fcm\u00fcz \u015fartlar\u0131nda ekonomik olmamas\u0131ndan dolay\u0131 ara\u00e7 sahiplerini\u00a0 oto lpg d\u00f6n\u00fc\u015f\u00fcm sistemlerine gerek duymas\u0131n\u0131 sa\u011flam\u0131\u015ft\u0131r. Bizde bu anlamda ara\u00e7lar\u0131n\u0131za g\u00fcvenli sa\u011fl\u0131kl\u0131 ve garantili bir hizmet vererek m\u00fc\u015fteri memnuniyetini prensip etmi\u015f bulunmaktay\u0131z.<\/div><div>Eski\u015fehir\u2019de hizmet veren MSM Otogaz her t\u00fcrl\u00fc ara\u00e7lar\u0131n\u0131za lpg d\u00f6n\u00fc\u015f\u00fcm\u00fc ba\u015fta olmak \u00fczere oto lpg anlam\u0131nda her t\u00fcrl\u00fc ar\u0131za ve sorunlar\u0131n\u0131zda yan\u0131n\u0131zda olmaktad\u0131r..<\/div>\n\t\t\t\t\t<\/div>\n\t\t\t\t\t\t<\/div>\n\t\t\t\t<\/div>\n\t\t\t\t<\/div>\n\t\t\t\t\t<\/div>\n\t\t\t\t<\/div>\n\t\t\t\t<\/div>\n\t\t","protected":false},"excerpt":{"rendered":"<p>Hakk\u0131m\u0131zda MSM Otogaz sekt\u00f6rdeki 10 y\u0131ll\u0131k tecr\u00fcbesi ile otogaz sekt\u00f6r\u00fcnde geli\u015fen teknolojiyi yak\u0131ndan takip ederek oto lpg anlam\u0131nda siz de\u011ferli<\/p>\n","protected":false},"author":1,"featured_media":0,"parent":0,"menu_order":0,"comment_status":"closed","ping_status":"closed","template":"","meta":{"footnotes":""},"class_list":["post-4400","page","type-page","status-publish","hentry"],"_links":{"self":[{"href":"https:\/\/msmotogaz.com.tr\/index.php?rest_route=\/wp\/v2\/pages\/4400","targetHints":{"allow":["GET"]}}],"collection":[{"href":"https:\/\/msmotogaz.com.tr\/index.php?rest_route=\/wp\/v2\/pages"}],"about":[{"href":"https:\/\/msmotogaz.com.tr\/index.php?rest_route=\/wp\/v2\/types\/page"}],"author":[{"embeddable":true,"href":"https:\/\/msmotogaz.com.tr\/index.php?rest_route=\/wp\/v2\/users\/1"}],"replies":[{"embeddable":true,"href":"https:\/\/msmotogaz.com.tr\/index.php?rest_route=%2Fwp%2Fv2%2Fcomments&post=4400"}],"version-history":[{"count":4,"href":"https:\/\/msmotogaz.com.tr\/index.php?rest_route=\/wp\/v2\/pages\/4400\/revisions"}],"predecessor-version":[{"id":15590,"href":"https:\/\/msmotogaz.com.tr\/index.php?rest_route=\/wp\/v2\/pages\/4400\/revisions\/15590"}],"wp:attachment":[{"href":"https:\/\/msmotogaz.com.tr\/index.php?rest_route=%2Fwp%2Fv2%2Fmedia&parent=4400"}],"curies":[{"name":"wp","href":"https:\/\/api.w.org\/{rel}","templated":true}]}}